{"id":31,"date":"2014-10-07T15:50:10","date_gmt":"2014-10-07T13:50:10","guid":{"rendered":"https:\/\/www.auroramaristravel.com\/?page_id=31"},"modified":"2026-03-26T01:15:41","modified_gmt":"2026-03-26T00:15:41","slug":"escorted-tours-europe","status":"publish","type":"page","link":"https:\/\/www.auroramaristravel.com\/es\/circuitos-europa-balcanes\/","title":{"rendered":"Circuitos y viajes Europa"},"content":{"rendered":"<h1>Circuitos de viajes por Centroeuropa, Europa del Este y los Balcanes<\/h1>\n<p style=\"text-align: left; margin-top: 20px;\">Ofrecemos los mejores <strong>circuitos acompa\u00f1ados por Centroeuropa, Europa del Este y los Balcanes<\/strong> con la posibilidad de combinar varios destinos.<br \/>\nNuestros <strong>viajes y circuitos por Europa y Balcanes\u00a0con gu\u00eda acompa\u00f1ante<\/strong>\u00a0le permitir\u00e1 conocer en profundidad los destinos, con toda la historia, y toda una tradici\u00f3n art\u00edstica que te enamorar\u00e1.<\/p>\n<p style=\"text-align: left;\">Planificamos nuestros <strong>circuitos por Europa<\/strong> hasta el m\u00ednimo detalle, tanto desde el punto de vista de las capitales a las que viajamos como de las joyas arquitect\u00f3nicas, hist\u00f3ricas, naturales y de todo tipo que le llevamos a descubrir.<\/p>\n<h2 style=\"text-align: left;\">Circuitos acompa\u00f1ados en Europa &#8211; viajes combinandos por Europa \u00a0y los Balcanes<\/h2>\n<p style=\"text-align: left;\">Con nuestros<strong> circuitos por Europa y los Balcanes<\/strong> descubrir el placer de viajar exclusivamente en autocar de lujo, acompa\u00f1ado siempre por los m\u00e1s experimentados gu\u00edas en espa\u00f1ol y con la posibilidad de elegir entre distintas opciones de gran calidad: r\u00e9gimen de comidas, categor\u00eda de hotel o n\u00famero de visitas.<\/p>\n<p style=\"text-align: left;\">Elija cualquiera de los destinos de nuestra selecci\u00f3n y disfrute con nuestros <strong>circuitos combinados por Europa y Balcanes.<\/strong><\/p>","protected":false},"excerpt":{"rendered":"<p>Circuitos de viajes por Centroeuropa, Europa del Este y los Balcanes Ofrecemos los mejores circuitos acompa\u00f1ados por Centroeuropa, Europa del Este y los Balcanes con la posibilidad de combinar varios destinos. Nuestros viajes y circuitos por Europa y Balcanes\u00a0con gu\u00eda acompa\u00f1ante\u00a0le permitir\u00e1 conocer en profundidad los destinos, con toda la historia, y toda una tradici\u00f3n art\u00edstica que te enamorar\u00e1. Planificamos nuestros circuitos por Europa hasta el m\u00ednimo detalle, tanto desde el punto de vista de las capitales a las que viajamos como de las joyas arquitect\u00f3nicas, hist\u00f3ricas, naturales y de todo tipo que le llevamos a descubrir. Circuitos acompa\u00f1ados en Europa &#8211; viajes combinandos por Europa \u00a0y los Balcanes Con nuestros circuitos por Europa y los Balcanes descubrir el placer de viajar exclusivamente en autocar de lujo, acompa\u00f1ado siempre por los m\u00e1s experimentados gu\u00edas en espa\u00f1ol y con la posibilidad de elegir entre distintas opciones de gran calidad: r\u00e9gimen de comidas, categor\u00eda de hotel o n\u00famero de visitas. Elija cualquiera de los destinos de nuestra selecci\u00f3n y disfrute con nuestros circuitos combinados por Europa y Balcanes.<\/p>\n","protected":false},"author":3,"featured_media":0,"parent":0,"menu_order":0,"comment_status":"closed","ping_status":"open","template":"","meta":{"footnotes":""},"class_list":["post-31","page","type-page","status-publish","hentry"],"aioseo_notices":[],"_links":{"self":[{"href":"https:\/\/www.auroramaristravel.com\/es\/wp-json\/wp\/v2\/pages\/31","targetHints":{"allow":["GET"]}}],"collection":[{"href":"https:\/\/www.auroramaristravel.com\/es\/wp-json\/wp\/v2\/pages"}],"about":[{"href":"https:\/\/www.auroramaristravel.com\/es\/wp-json\/wp\/v2\/types\/page"}],"author":[{"embeddable":true,"href":"https:\/\/www.auroramaristravel.com\/es\/wp-json\/wp\/v2\/users\/3"}],"replies":[{"embeddable":true,"href":"https:\/\/www.auroramaristravel.com\/es\/wp-json\/wp\/v2\/comments?post=31"}],"version-history":[{"count":6,"href":"https:\/\/www.auroramaristravel.com\/es\/wp-json\/wp\/v2\/pages\/31\/revisions"}],"predecessor-version":[{"id":3565,"href":"https:\/\/www.auroramaristravel.com\/es\/wp-json\/wp\/v2\/pages\/31\/revisions\/3565"}],"wp:attachment":[{"href":"https:\/\/www.auroramaristravel.com\/es\/wp-json\/wp\/v2\/media?parent=31"}],"curies":[{"name":"wp","href":"https:\/\/api.w.org\/{rel}","templated":true}]}}