{"id":2732,"date":"2019-01-11T16:25:06","date_gmt":"2019-01-11T15:25:06","guid":{"rendered":"https:\/\/www.auroramaristravel.com\/?page_id=2732"},"modified":"2025-05-05T07:45:01","modified_gmt":"2025-05-05T05:45:01","slug":"jewish-heritage-private-tours-europe-2","status":"publish","type":"page","link":"https:\/\/www.auroramaristravel.com\/es\/viajes-herencia-judia-europa\/","title":{"rendered":"Viajes herencia jud\u00eda de Europa"},"content":{"rendered":"<h1>Viajes herencia jud\u00eda de Europa &#8211; viajes en privado a medida<\/h1>\n<p><strong>Viajes herencia jud\u00eda de Europa &#8211; viajes privados a medida:\u00a0<\/strong><\/p>\n<p>Ofrecemos a nuestros clientes\u00a0 una gran variedad de <strong>tours por herencia jud\u00eda en Europa<\/strong>.\u00a0El viaje es dirigido s\u00f3lo por <strong>gu\u00edas profesionales especializados en la historia de los jud\u00edos<\/strong>.<\/p>\n<p>&nbsp;<\/p>\n<p>Nuestras <strong>tours privadas hechas a medida<\/strong> compartir\u00e1n la extraordinaria <strong>historia de los jud\u00edos en Europa<\/strong>. Te llevaremos de vuelta a los viejos tiempos con un <strong>paseo guiado por el antiguos barrios jud\u00edo<\/strong>, donde podr\u00e1s ver c\u00f3mo<strong> el patrimonio jud\u00edo<\/strong> se convirti\u00f3 en una parte fundamental e inseparable de la historia de las ciudades europeos.<\/p>\n<p>Ofrecemos una amplia gama de posibilidades y combinaciones de tours en: Viena, Polonia, Praga,\u00a0 Budapest, Ukraina, Portugal, Balcanes y\u00a0 Italia.<\/p>\n<p>&nbsp;<\/p>\n<h2>Viaje privado por el patrimonio jud\u00edo de Europa<\/h2>\n<p>Descubra <strong>el patrimonio jud\u00edo de Europa <\/strong>en este <strong>viaje especial. <\/strong><\/p>\n<p><strong>El patrimonio jud\u00edo <\/strong>\u00a0est\u00e1 muy presente en toda Europa. Entre los ejemplos m\u00e1s destacados se cuentan sinagogas y cementerios hist\u00f3ricos, barrios jud\u00edos, monumentos y memoriales. Para familias y comunidades, podemos planificar significativos recorridos patrimoniales a los pueblos de origen de sus padres y abuelos \u200b\u200ben toda Europa.<\/p>\n<p>Nuestro compromiso es ofrecerle siempre un servicio excepcional. Nuestro personal est\u00e1 disponible para Usted 24\/7, para garantizar la \u00f3ptima planificaci\u00f3n, funcionamiento y ejecuci\u00f3n de su <strong>viaje\u00a0 en privado por herencia jud\u00eda en Europa.<\/strong><\/p>\n<p>&nbsp;<\/p>\n<p style=\"text-align: center;\">P\u00f3ngase en <strong><a href=\"mailto:info@auroramaris.com\" target=\"_blank\" rel=\"noopener\">CONTACTO<\/a><\/strong>\u00a0 con nosotros y empecemos a hacer planes.<\/p>\n<p>&nbsp;","protected":false},"excerpt":{"rendered":"<p>Viajes herencia jud\u00eda de Europa &#8211; viajes en privado a medida Viajes herencia jud\u00eda de Europa &#8211; viajes privados a medida:\u00a0 Ofrecemos a nuestros clientes\u00a0 una gran variedad de tours por herencia jud\u00eda en Europa.\u00a0El viaje es dirigido s\u00f3lo por gu\u00edas profesionales especializados en la historia de los jud\u00edos. &nbsp; Nuestras tours privadas hechas a medida compartir\u00e1n la extraordinaria historia de los jud\u00edos en Europa. Te llevaremos de vuelta a los viejos tiempos con un paseo guiado por el antiguos barrios jud\u00edo, donde podr\u00e1s ver c\u00f3mo el patrimonio jud\u00edo se convirti\u00f3 en una parte fundamental e inseparable de la historia de las ciudades europeos. Ofrecemos una amplia gama de posibilidades y combinaciones de tours en: Viena, Polonia, Praga,\u00a0 Budapest, Ukraina, Portugal, Balcanes y\u00a0 Italia. &nbsp; Viaje privado por el patrimonio jud\u00edo de Europa Descubra el patrimonio jud\u00edo de Europa en este viaje especial. El patrimonio jud\u00edo \u00a0est\u00e1 muy presente en toda Europa. Entre los ejemplos m\u00e1s destacados se cuentan sinagogas y cementerios hist\u00f3ricos, barrios jud\u00edos, monumentos y memoriales. Para familias y comunidades, podemos planificar significativos recorridos patrimoniales a los pueblos de origen de sus padres y abuelos \u200b\u200ben toda Europa. Nuestro compromiso es ofrecerle siempre un servicio excepcional. Nuestro personal est\u00e1 disponible para Usted 24\/7, para garantizar la \u00f3ptima planificaci\u00f3n, funcionamiento y ejecuci\u00f3n de su viaje\u00a0 en privado por herencia jud\u00eda en Europa. &nbsp; P\u00f3ngase en CONTACTO\u00a0 con nosotros y empecemos a hacer planes. &nbsp;<\/p>\n","protected":false},"author":3,"featured_media":0,"parent":0,"menu_order":0,"comment_status":"closed","ping_status":"closed","template":"","meta":{"footnotes":""},"class_list":["post-2732","page","type-page","status-publish","hentry"],"aioseo_notices":[],"_links":{"self":[{"href":"https:\/\/www.auroramaristravel.com\/es\/wp-json\/wp\/v2\/pages\/2732","targetHints":{"allow":["GET"]}}],"collection":[{"href":"https:\/\/www.auroramaristravel.com\/es\/wp-json\/wp\/v2\/pages"}],"about":[{"href":"https:\/\/www.auroramaristravel.com\/es\/wp-json\/wp\/v2\/types\/page"}],"author":[{"embeddable":true,"href":"https:\/\/www.auroramaristravel.com\/es\/wp-json\/wp\/v2\/users\/3"}],"replies":[{"embeddable":true,"href":"https:\/\/www.auroramaristravel.com\/es\/wp-json\/wp\/v2\/comments?post=2732"}],"version-history":[{"count":0,"href":"https:\/\/www.auroramaristravel.com\/es\/wp-json\/wp\/v2\/pages\/2732\/revisions"}],"wp:attachment":[{"href":"https:\/\/www.auroramaristravel.com\/es\/wp-json\/wp\/v2\/media?parent=2732"}],"curies":[{"name":"wp","href":"https:\/\/api.w.org\/{rel}","templated":true}]}}