{"id":272,"date":"2014-10-08T15:25:53","date_gmt":"2014-10-08T13:25:53","guid":{"rendered":"https:\/\/www.auroramaristravel.com\/?page_id=272"},"modified":"2026-03-27T20:54:36","modified_gmt":"2026-03-27T19:54:36","slug":"contact","status":"publish","type":"page","link":"https:\/\/www.auroramaristravel.com\/es\/sobre-nosotros-contacto\/","title":{"rendered":"Sobre nosotros\/contacto"},"content":{"rendered":"<h1>AURORA MARIS TRAVEL &#8211; VIAJES POR EUROPA<\/h1>\n<p style=\"text-align: justify;\"><strong>AURORA MARIS TRAVEL<\/strong>\u00a0es una <strong>agencia de viajes especializada en destinos de Europa del Este, Centroeuropa, Mediterr\u00e1neo\u00a0y los Balcanes<\/strong>. S\u00f3lo trabajamos aquellos destinos que conocemos bien y donde somos capaces de satisfacer el alto nivel de exigencia de nuestros clientes.<\/p>\n<p style=\"text-align: justify;\">Queremos ofrecer un<strong> servicio profesional de la m\u00e1s alta calidad<\/strong>, pero siempre manteniendo una relaci\u00f3n personal, para poder ofrecerle una atenci\u00f3n personalizada y <strong>las mejores vacaciones en Europa<\/strong>.<\/p>\n<p style=\"text-align: justify;\">Tenemos <strong>viajes a medida<\/strong> en cualquier \u00e9poca del a\u00f1o pero adem\u00e1s para aquellos viajeros que quieran viajar en compa\u00f1\u00eda y con un itinerario preparado de antemano, tenemos algunos <strong>viajes en grupo<\/strong> preparados.<\/p>\n<p style=\"text-align: justify;\">Gracias a nuestros dedicados profesionales en las oficinas presentes en 6 pa\u00edses europeos, nuestros clientes se encuentran siempre en muy buenas manos. Nuestros 25 a\u00f1os de experiencia cuentan y se notan a la hora de organizar las vacaciones m\u00e1s maravillosas y memorables para nuestros clientes.<\/p>\n<p style=\"text-align: justify;\"><strong>\u00bfPor qu\u00e9 Aurora Maris Viajes?:<\/strong><\/p>\n<ul>\n<li style=\"text-align: justify;\">Organizamos viajes a medida desde el a\u00f1o 1989<\/li>\n<li style=\"text-align: justify;\">Un profundo conocimiento de nuestros destinos<\/li>\n<li style=\"text-align: justify;\">Itinerarios diferentes, exclusivos y de gran calidad<\/li>\n<li style=\"text-align: justify;\">Viajes \u00fanicos, m\u00e1s relajado y disfrutable<\/li>\n<li style=\"text-align: justify;\">Experiencias inigualables<\/li>\n<li style=\"text-align: justify;\">Atenci\u00f3n personalizada<\/li>\n<li style=\"text-align: justify;\">Excelente calidad de servicios<\/li>\n<li style=\"text-align: justify;\">Asistencia en viaje 24\/7<\/li>\n<\/ul>\n<div class=\"su-spacer\" style=\"height:20px\"><\/div>\n<h2>Viajes\u00a0personalizados y dise\u00f1ados a la medida en Europa<\/h2>\n<p>Ofrecemos los mejores viajes\u00a0personalizados y dise\u00f1ados a la medida en <strong>Centroeuropa, Europa del Este y los Balcanes<\/strong>\u00a0con la posibilidad de combinar varios destinos.<\/p>\n<div class=\"su-spacer\" style=\"height:20px\"><\/div>\n<h4 style=\"text-align: center;\">AUSTRIA &#8211; HUNGR\u00cdA &#8211; REP\u00daBLICA CHECA &#8211; POLONIA &#8211; ITALIA &#8211; CROACIA &#8211; GRECIA &#8211; PORTUGAL<\/h4>\n<div class=\"su-spacer\" style=\"height:20px\"><\/div>\n<p>AURORA MARIS VIAJES:<\/p>\n<ul>\n<li>Mezibranska 1579\/4, Prague 1, Republica Checa<\/li>\n<li>Svetog Kriza 3, Dubrovnik, Croacia<\/li>\n<li>Oficinas de representaci\u00f3n: Viena, Budapest, Zagreb, Sarajevo, Belgrado, Split, Rimini<\/li>\n<\/ul>\n<p>&nbsp;<\/p>\n<h4>Contacta con nosotros : <a href=\"mailto:info@auroramaris.com\" target=\"_blank\" rel=\"noopener noreferrer\">info@auroramaris.com<\/a><\/h4>\n<p>&nbsp;","protected":false},"excerpt":{"rendered":"<p>AURORA MARIS TRAVEL &#8211; VIAJES POR EUROPA AURORA MARIS TRAVEL\u00a0es una agencia de viajes especializada en destinos de Europa del Este, Centroeuropa, Mediterr\u00e1neo\u00a0y los Balcanes. S\u00f3lo trabajamos aquellos destinos que conocemos bien y donde somos capaces de satisfacer el alto nivel de exigencia de nuestros clientes. Queremos ofrecer un servicio profesional de la m\u00e1s alta calidad, pero siempre manteniendo una relaci\u00f3n personal, para poder ofrecerle una atenci\u00f3n personalizada y las mejores vacaciones en Europa. Tenemos viajes a medida en cualquier \u00e9poca del a\u00f1o pero adem\u00e1s para aquellos viajeros que quieran viajar en compa\u00f1\u00eda y con un itinerario preparado de antemano, tenemos algunos viajes en grupo preparados. Gracias a nuestros dedicados profesionales en las oficinas presentes en 6 pa\u00edses europeos, nuestros clientes se encuentran siempre en muy buenas manos. Nuestros 25 a\u00f1os de experiencia cuentan y se notan a la hora de organizar las vacaciones m\u00e1s maravillosas y memorables para nuestros clientes. \u00bfPor qu\u00e9 Aurora Maris Viajes?: Organizamos viajes a medida desde el a\u00f1o 1989 Un profundo conocimiento de nuestros destinos Itinerarios diferentes, exclusivos y de gran calidad Viajes \u00fanicos, m\u00e1s relajado y disfrutable Experiencias inigualables Atenci\u00f3n personalizada Excelente calidad de servicios Asistencia en viaje 24\/7 Viajes\u00a0personalizados y dise\u00f1ados a la medida en Europa Ofrecemos los mejores viajes\u00a0personalizados y dise\u00f1ados a la medida en Centroeuropa, Europa del Este y los Balcanes\u00a0con la posibilidad de combinar varios destinos. AUSTRIA &#8211; HUNGR\u00cdA &#8211; REP\u00daBLICA CHECA &#8211; POLONIA &#8211; ITALIA &#8211; CROACIA &#8211; GRECIA &#8211; PORTUGAL AURORA MARIS VIAJES: Mezibranska 1579\/4, Prague 1, Republica Checa Svetog Kriza 3, Dubrovnik, Croacia Oficinas de representaci\u00f3n: Viena, Budapest, Zagreb, Sarajevo, Belgrado, Split, Rimini &nbsp; Contacta con nosotros : info@auroramaris.com &nbsp;<\/p>\n","protected":false},"author":3,"featured_media":0,"parent":0,"menu_order":0,"comment_status":"closed","ping_status":"open","template":"","meta":{"footnotes":""},"class_list":["post-272","page","type-page","status-publish","hentry"],"aioseo_notices":[],"_links":{"self":[{"href":"https:\/\/www.auroramaristravel.com\/es\/wp-json\/wp\/v2\/pages\/272","targetHints":{"allow":["GET"]}}],"collection":[{"href":"https:\/\/www.auroramaristravel.com\/es\/wp-json\/wp\/v2\/pages"}],"about":[{"href":"https:\/\/www.auroramaristravel.com\/es\/wp-json\/wp\/v2\/types\/page"}],"author":[{"embeddable":true,"href":"https:\/\/www.auroramaristravel.com\/es\/wp-json\/wp\/v2\/users\/3"}],"replies":[{"embeddable":true,"href":"https:\/\/www.auroramaristravel.com\/es\/wp-json\/wp\/v2\/comments?post=272"}],"version-history":[{"count":2,"href":"https:\/\/www.auroramaristravel.com\/es\/wp-json\/wp\/v2\/pages\/272\/revisions"}],"predecessor-version":[{"id":3568,"href":"https:\/\/www.auroramaristravel.com\/es\/wp-json\/wp\/v2\/pages\/272\/revisions\/3568"}],"wp:attachment":[{"href":"https:\/\/www.auroramaristravel.com\/es\/wp-json\/wp\/v2\/media?parent=272"}],"curies":[{"name":"wp","href":"https:\/\/api.w.org\/{rel}","templated":true}]}}