{"id":2413,"date":"2016-10-21T08:36:00","date_gmt":"2016-10-21T06:36:00","guid":{"rendered":"https:\/\/www.auroramaristravel.com\/?page_id=2413"},"modified":"2025-02-20T08:51:03","modified_gmt":"2025-02-20T07:51:03","slug":"seasonal-festive-tours-in-europe","status":"publish","type":"page","link":"https:\/\/www.auroramaristravel.com\/es\/viajes-a-europa-en-puentes-y-festivos\/","title":{"rendered":"Viajes a Europa en puentes y festivos"},"content":{"rendered":"<h1>Viajes a Europa en puentes y festivos<\/h1>\n<p><strong>Viaje\u00a0a Europa para los puentes festivos : \u00a0<\/strong>No pierdas esta oportunidad para <strong>viajar a Europa en puentes y festivos<\/strong>\u00a0y consulta nuestra o<strong>ferta de circuitos y viajes de Puentes a Europa<\/strong> para sacar el m\u00e1ximo partido a <strong>los d\u00edas festivos<\/strong>.<\/p>\n<p>Disfruta de la Navidad en familia con un <strong>viaje a una capital europea<\/strong> y descubre c\u00f3mo <strong>celebran la Nochevieja<\/strong> en otros lugares del mundo y pide tus deseos en una nueva ciudad.\u00a0Celebrad vuestro amor con un <strong>viaje rom\u00e1ntico a Europa<\/strong>, disfrutar de <strong>paseos culturales o rom\u00e1nticos en Europa<\/strong>, y descubre la historia de la ciudades europeas.<\/p>\n<p>Te ofrecemos una gran <strong>selecci\u00f3n de viajes en puentes y festivos a los mejores destinos en Europa<\/strong> para que descubras los lugares que m\u00e1s te apetezcan.<\/p>\n<p>\u00a1Viaja a Europa y disfruta de todos los puentes y festivos!","protected":false},"excerpt":{"rendered":"<p>Viajes a Europa en puentes y festivos Viaje\u00a0a Europa para los puentes festivos : \u00a0No pierdas esta oportunidad para viajar a Europa en puentes y festivos\u00a0y consulta nuestra oferta de circuitos y viajes de Puentes a Europa para sacar el m\u00e1ximo partido a los d\u00edas festivos. Disfruta de la Navidad en familia con un viaje a una capital europea y descubre c\u00f3mo celebran la Nochevieja en otros lugares del mundo y pide tus deseos en una nueva ciudad.\u00a0Celebrad vuestro amor con un viaje rom\u00e1ntico a Europa, disfrutar de paseos culturales o rom\u00e1nticos en Europa, y descubre la historia de la ciudades europeas. Te ofrecemos una gran selecci\u00f3n de viajes en puentes y festivos a los mejores destinos en Europa para que descubras los lugares que m\u00e1s te apetezcan. \u00a1Viaja a Europa y disfruta de todos los puentes y festivos!<\/p>\n","protected":false},"author":3,"featured_media":0,"parent":0,"menu_order":0,"comment_status":"open","ping_status":"open","template":"","meta":{"footnotes":""},"class_list":["post-2413","page","type-page","status-publish","hentry"],"aioseo_notices":[],"_links":{"self":[{"href":"https:\/\/www.auroramaristravel.com\/es\/wp-json\/wp\/v2\/pages\/2413","targetHints":{"allow":["GET"]}}],"collection":[{"href":"https:\/\/www.auroramaristravel.com\/es\/wp-json\/wp\/v2\/pages"}],"about":[{"href":"https:\/\/www.auroramaristravel.com\/es\/wp-json\/wp\/v2\/types\/page"}],"author":[{"embeddable":true,"href":"https:\/\/www.auroramaristravel.com\/es\/wp-json\/wp\/v2\/users\/3"}],"replies":[{"embeddable":true,"href":"https:\/\/www.auroramaristravel.com\/es\/wp-json\/wp\/v2\/comments?post=2413"}],"version-history":[{"count":0,"href":"https:\/\/www.auroramaristravel.com\/es\/wp-json\/wp\/v2\/pages\/2413\/revisions"}],"wp:attachment":[{"href":"https:\/\/www.auroramaristravel.com\/es\/wp-json\/wp\/v2\/media?parent=2413"}],"curies":[{"name":"wp","href":"https:\/\/api.w.org\/{rel}","templated":true}]}}