{"id":2146,"date":"2016-07-20T00:28:00","date_gmt":"2016-07-19T22:28:00","guid":{"rendered":"https:\/\/www.auroramaristravel.com\/?page_id=2146"},"modified":"2025-02-20T09:09:24","modified_gmt":"2025-02-20T08:09:24","slug":"christmas-market-tours-europe","status":"publish","type":"page","link":"https:\/\/www.auroramaristravel.com\/es\/viajes-a-mejores-mercadillos-navidenos-de-europa\/","title":{"rendered":"Viajes Mercadillos Navide\u00f1os de Europa"},"content":{"rendered":"<h1>Viajes a los Mercadillos Navide\u00f1os de Europa<\/h1>\n<p><strong>Viaje a los mercadillos Navide\u00f1os de Europa en diciembre<\/strong>: \u00a0Tenemos los mejores <strong>circuitos y viajes privados a los Mercados\u00a0Navide\u00f1os en Europa<\/strong> para el Puente de diciembre y\u00a0Adviento.\u00a0Prep\u00e1rese para la Navidad y visite los tradicionales <strong>mercadillos navide\u00f1os en Viena, Budapest, Zagreb, Praga,Cracovia, Austria, Alemania, Polonia<\/strong> &#8230;<\/p>\n<p>Disfruta de la arraigada tradici\u00f3n europea de <strong>los Mercadillos de Navidad<\/strong>.<\/p>\n<p>En todas las <strong>ciudades de Europa la navidad<\/strong> es el momento m\u00e1s inspirador y luminoso del invierno. La ciudad se ilumina desde la llegada del adviento en los primeros d\u00eda de Diciembre, y se mantiene as\u00ed hasta el final del a\u00f1o.<br \/>\n\u00c1rboles de Navidad, decoraci\u00f3n, luces de colores, regalos artesanales, adornos navide\u00f1os hechos a mano, la m\u00fasica y el aroma de los dulces de Navidad&#8230; crean un ambiente m\u00e1gico que te transportar\u00e1 a las Navidades del mejor cuento cl\u00e1sico. <strong>Mercadillos navide\u00f1os en Europa<\/strong> son una experiencia incre\u00edble\u2026<\/p>\n<h2>Viajes a medida a los mejores mercados de navidad en Europa<\/h2>\n<p>Emp\u00e1pate de esp\u00edritu navide\u00f1o y aprovecha las vacaciones para <strong>visitar<\/strong> <strong>los mercadillos de Navidad m\u00e1s originales y genuinos de Europa.\u00a0<\/strong>Aqu\u00ed os ofrecemos varios viajes para \u00a0empezar a disfrutar el esp\u00edritu navide\u00f1o.","protected":false},"excerpt":{"rendered":"<p>Viajes privados Mercadillos Navide\u00f1os de Europa<\/p>\n","protected":false},"author":3,"featured_media":2396,"parent":0,"menu_order":0,"comment_status":"open","ping_status":"open","template":"","meta":{"footnotes":""},"class_list":["post-2146","page","type-page","status-publish","has-post-thumbnail","hentry"],"aioseo_notices":[],"_links":{"self":[{"href":"https:\/\/www.auroramaristravel.com\/es\/wp-json\/wp\/v2\/pages\/2146","targetHints":{"allow":["GET"]}}],"collection":[{"href":"https:\/\/www.auroramaristravel.com\/es\/wp-json\/wp\/v2\/pages"}],"about":[{"href":"https:\/\/www.auroramaristravel.com\/es\/wp-json\/wp\/v2\/types\/page"}],"author":[{"embeddable":true,"href":"https:\/\/www.auroramaristravel.com\/es\/wp-json\/wp\/v2\/users\/3"}],"replies":[{"embeddable":true,"href":"https:\/\/www.auroramaristravel.com\/es\/wp-json\/wp\/v2\/comments?post=2146"}],"version-history":[{"count":0,"href":"https:\/\/www.auroramaristravel.com\/es\/wp-json\/wp\/v2\/pages\/2146\/revisions"}],"wp:featuredmedia":[{"embeddable":true,"href":"https:\/\/www.auroramaristravel.com\/es\/wp-json\/wp\/v2\/media\/2396"}],"wp:attachment":[{"href":"https:\/\/www.auroramaristravel.com\/es\/wp-json\/wp\/v2\/media?parent=2146"}],"curies":[{"name":"wp","href":"https:\/\/api.w.org\/{rel}","templated":true}]}}