{"id":197,"date":"2014-10-07T20:02:49","date_gmt":"2014-10-07T18:02:49","guid":{"rendered":"https:\/\/www.auroramaristravel.com\/?page_id=197"},"modified":"2025-02-19T12:47:16","modified_gmt":"2025-02-19T11:47:16","slug":"cruise-holidays","status":"publish","type":"page","link":"https:\/\/www.auroramaristravel.com\/es\/cruceros-veleros\/","title":{"rendered":"Vacaciones en cruceros, goletas, yates de lujo"},"content":{"rendered":"<h1>Vacaciones en cruceros, veleros, yates de lujo<\/h1>\n<p style=\"text-align: left;\"><strong>Vacaciones en cruceros<\/strong>\u00a0<strong>lujoso<\/strong> ofrece una experiencia \u00fanica de viaje que te dejar\u00e1 v\u00edvidas impresiones y experiencias del paisaje y las vistas de sus ciudades m\u00e1s interesantes. Y ahora podr\u00e1s tener un mano a mano con otras culturas, su gastronom\u00eda, sus atracciones hist\u00f3ricas y actuales, su naturaleza y su gente, en magn\u00edficos <strong>barcos de lujo<\/strong> con todo lo que necesitas a bordo y m\u00e1s.\u00a0Los viajeros tambi\u00e9n pueden optar por alquilar una embarcaci\u00f3n completa a modo de ch\u00e1rter o simplemente reservar una cabina a bordo.<\/p>\n<p><strong>Vacaciones en barcos lujosos por r\u00edo<\/strong>\u00a0<strong>Danubio y \u00a0Mar\u00a0Adri\u00e1tico Croacia<\/strong><\/p>\n<ul>\n<li><a href=\"https:\/\/www.auroramaristravel.com\/es\/package\/cruceros-fluviales-danubio\/\">Cruceros fluviales por el Danubio<\/a><\/li>\n<li>Cruceros en veleros y goletas lujosos en Croacia<\/li>\n<li><a href=\"https:\/\/www.auroramaristravel.com\/es\/package\/alquiler-yates-de-lujo-y-goletas-en-croacia\/\">Alquiler yates de lujo, goletas, veleros en Croacia<\/a><\/li>\n<\/ul>\n<p style=\"text-align: left;\"><div class=\"su-spacer\" style=\"height:10px\"><\/div>\n<p style=\"text-align: left;\">Podemos preparar un <strong>crucero privado<\/strong> en cualquiera de nuestros destinos de <strong>Croacia o el Danubio,<\/strong> poniendo el \u00e9nfasis en vuestras preferencias ya sean vacacionales, festivas, contacto con la naturaleza, rutas culturales y arqueol\u00f3gicas o buceo o bien mixtas.<\/p>","protected":false},"excerpt":{"rendered":"<p>Vacaciones en cruceros, veleros, yates de lujo Vacaciones en cruceros\u00a0lujoso ofrece una experiencia \u00fanica de viaje que te dejar\u00e1 v\u00edvidas impresiones y experiencias del paisaje y las vistas de sus ciudades m\u00e1s interesantes. Y ahora podr\u00e1s tener un mano a mano con otras culturas, su gastronom\u00eda, sus atracciones hist\u00f3ricas y actuales, su naturaleza y su gente, en magn\u00edficos barcos de lujo con todo lo que necesitas a bordo y m\u00e1s.\u00a0Los viajeros tambi\u00e9n pueden optar por alquilar una embarcaci\u00f3n completa a modo de ch\u00e1rter o simplemente reservar una cabina a bordo. Vacaciones en barcos lujosos por r\u00edo\u00a0Danubio y \u00a0Mar\u00a0Adri\u00e1tico Croacia Cruceros fluviales por el Danubio Cruceros en veleros y goletas lujosos en Croacia Alquiler yates de lujo, goletas, veleros en Croacia Podemos preparar un crucero privado en cualquiera de nuestros destinos de Croacia o el Danubio, poniendo el \u00e9nfasis en vuestras preferencias ya sean vacacionales, festivas, contacto con la naturaleza, rutas culturales y arqueol\u00f3gicas o buceo o bien mixtas.<\/p>\n","protected":false},"author":3,"featured_media":0,"parent":0,"menu_order":0,"comment_status":"closed","ping_status":"open","template":"","meta":{"footnotes":""},"class_list":["post-197","page","type-page","status-publish","hentry"],"aioseo_notices":[],"_links":{"self":[{"href":"https:\/\/www.auroramaristravel.com\/es\/wp-json\/wp\/v2\/pages\/197","targetHints":{"allow":["GET"]}}],"collection":[{"href":"https:\/\/www.auroramaristravel.com\/es\/wp-json\/wp\/v2\/pages"}],"about":[{"href":"https:\/\/www.auroramaristravel.com\/es\/wp-json\/wp\/v2\/types\/page"}],"author":[{"embeddable":true,"href":"https:\/\/www.auroramaristravel.com\/es\/wp-json\/wp\/v2\/users\/3"}],"replies":[{"embeddable":true,"href":"https:\/\/www.auroramaristravel.com\/es\/wp-json\/wp\/v2\/comments?post=197"}],"version-history":[{"count":0,"href":"https:\/\/www.auroramaristravel.com\/es\/wp-json\/wp\/v2\/pages\/197\/revisions"}],"wp:attachment":[{"href":"https:\/\/www.auroramaristravel.com\/es\/wp-json\/wp\/v2\/media?parent=197"}],"curies":[{"name":"wp","href":"https:\/\/api.w.org\/{rel}","templated":true}]}}