{"id":158,"date":"2014-10-07T17:31:02","date_gmt":"2014-10-07T15:31:02","guid":{"rendered":"https:\/\/www.auroramaristravel.com\/?page_id=158"},"modified":"2025-02-20T09:00:18","modified_gmt":"2025-02-20T08:00:18","slug":"special-interest-tour","status":"publish","type":"page","link":"https:\/\/www.auroramaristravel.com\/es\/viajes-tematicos-europa\/","title":{"rendered":"Viajes tem\u00e1ticos"},"content":{"rendered":"<h1>Viajes tem\u00e1ticos \u2013 Circuitos\u00a0a tema por Europa y Balcanes<\/h1>\n<p style=\"text-align: left;\">Nuestros <strong>viajes tem\u00e1ticos\u00a0y circuitos a tema\u00a0<\/strong><strong>por Europa<\/strong> son itinerarios elaborados por diferentes profesionales en cada materia,les presentan cada destino desde una perspectiva distinta a la habitual.<\/p>\n<p style=\"text-align: left;\">Todos nuestros <strong>viajes y circuitos tem\u00e1ticos<\/strong>\u00a0<strong>en Europa<\/strong> est\u00e1n clasificados en una tem\u00e1tica dependiendo de la actividad que predominen durante el viaje, pero nosotros adem\u00e1s ofrecemos charlas, talleres y clases sobre algunas de estas tem\u00e1ticas.<\/p>\n<p style=\"text-align: left;\">Las actividades incluyen reuniones con profesionales de renombre, artistas y especialistas en cada tema. Por ello nuestros <strong>viajes tem\u00e1ticos a Europa<\/strong> tienen un componente de aprendizaje, lo que hace la experiencia de viajar mucho m\u00e1s enriquecedora.\u00a0Aparte de la tem\u00e1tica concreta, todos nuestros viajes tienen en com\u00fan el contacto con la naturaleza y la cultura local.<\/p>\n<p style=\"text-align: left;\">Todos nuestros <strong>viajes tem\u00e1ticos en Europa y Balcanes<\/strong> son a medida y puedes modificarlos a tu gusto.<\/p>\n<h2 class=\"entry-title\">Viajes Tem\u00e1ticos <strong>en Europa<\/strong><\/h2>\n<ul>\n<li><a href=\"https:\/\/www.auroramaristravel.com\/es\/package\/viajes-arqueologicos-culturales\/\">Viajes arqueol\u00f3gicos y culturales<\/a><\/li>\n<li><a href=\"https:\/\/www.auroramaristravel.com\/es\/package\/viajes-arte-historia-europa\/\">Viajes del arte y la historia<\/a><\/li>\n<li><a href=\"https:\/\/www.auroramaristravel.com\/es\/package\/viajes-de-buceo-croacia\/\">Viajes de buceo<\/a><\/li>\n<li><a href=\"https:\/\/www.auroramaristravel.com\/es\/package\/festivales-folclorico-internacional-europa\/\">Festivales Folcl\u00f3ricos Internacionales<\/a><\/li>\n<li><a href=\"https:\/\/www.auroramaristravel.com\/es\/package\/viajes-de-gastronomia-vino\/\">Viajes de gastronom\u00eda y vino<\/a><\/li>\n<li><a href=\"https:\/\/www.auroramaristravel.com\/es\/package\/viajes-golf-europa\/\">Viajes de golf en Europa<\/a><\/li>\n<li><a href=\"https:\/\/www.auroramaristravel.com\/es\/package\/viajes-para-cazadores-europa\/\">Viajes para cazadores a Europa<\/a><\/li>\n<li><a href=\"https:\/\/www.auroramaristravel.com\/es\/package\/turismo-religioso-europa-balcanes\/\">Viajes espiritual \u2013 Turismo Religioso<\/a><\/li>\n<li><a href=\"https:\/\/www.auroramaristravel.com\/es\/package\/viajes-tercera-edad-europa\/\">Viajes para Tercera Edad<\/a><\/li>\n<li><a href=\"https:\/\/www.auroramaristravel.com\/es\/package\/viajes-cruceros-de-lujo-lgbt\/\">Viajes y Cruceros de lujo LGBT<\/a><\/li>\n<li>Viajes herencia jud\u00eda Europa<\/li>\n<li>Viajes\u00a0musicales &#8211;\u00a0m\u00fasica cl\u00e1sica Europa<\/li>\n<li>Viajes Fotogr\u00e1ficos<\/li>\n<li>Grupos estudiantes y alumni<\/li>\n<li>Turismo de salud y bienestar<\/li>\n<\/ul>\n<p>&nbsp;<\/p>\n<h3>Viajes de intereses especiales por Europa<\/h3>\n<p>Contamos con una amplia experiencia en la <strong>organizaci\u00f3n de viajes tem\u00e1ticos en Europa<\/strong>\u00a0y <strong>viajes adaptados al grupo de intereses espec\u00edficos<\/strong>. Nos dedicamos a la personalizaci\u00f3n de viajes, con la creaci\u00f3n de programas e itinerarios que cumplan con la lista de deseos de los clientes.<\/p>\n<p>Si quieres hacer un <strong>viaje tem\u00e1tico en Europa con tu propio grupo<\/strong>, nuestro equipo de profesionales le ayudar\u00e1 a concebir el programa de sus sue\u00f1os.","protected":false},"excerpt":{"rendered":"<p>Viajes tem\u00e1ticos \u2013 Circuitos\u00a0a tema por Europa y Balcanes Nuestros viajes tem\u00e1ticos\u00a0y circuitos a tema\u00a0por Europa son itinerarios elaborados por diferentes profesionales en cada materia,les presentan cada destino desde una perspectiva distinta a la habitual. Todos nuestros viajes y circuitos tem\u00e1ticos\u00a0en Europa est\u00e1n clasificados en una tem\u00e1tica dependiendo de la actividad que predominen durante el viaje, pero nosotros adem\u00e1s ofrecemos charlas, talleres y clases sobre algunas de estas tem\u00e1ticas. Las actividades incluyen reuniones con profesionales de renombre, artistas y especialistas en cada tema. Por ello nuestros viajes tem\u00e1ticos a Europa tienen un componente de aprendizaje, lo que hace la experiencia de viajar mucho m\u00e1s enriquecedora.\u00a0Aparte de la tem\u00e1tica concreta, todos nuestros viajes tienen en com\u00fan el contacto con la naturaleza y la cultura local. Todos nuestros viajes tem\u00e1ticos en Europa y Balcanes son a medida y puedes modificarlos a tu gusto. Viajes Tem\u00e1ticos en Europa Viajes arqueol\u00f3gicos y culturales Viajes del arte y la historia Viajes de buceo Festivales Folcl\u00f3ricos Internacionales Viajes de gastronom\u00eda y vino Viajes de golf en Europa Viajes para cazadores a Europa Viajes espiritual \u2013 Turismo Religioso Viajes para Tercera Edad Viajes y Cruceros de lujo LGBT Viajes herencia jud\u00eda Europa Viajes\u00a0musicales &#8211;\u00a0m\u00fasica cl\u00e1sica Europa Viajes Fotogr\u00e1ficos Grupos estudiantes y alumni Turismo de salud y bienestar &nbsp; Viajes de intereses especiales por Europa Contamos con una amplia experiencia en la organizaci\u00f3n de viajes tem\u00e1ticos en Europa\u00a0y viajes adaptados al grupo de intereses espec\u00edficos. Nos dedicamos a la personalizaci\u00f3n de viajes, con la creaci\u00f3n de programas e itinerarios que cumplan con la lista de deseos de los clientes. Si quieres hacer un viaje tem\u00e1tico en Europa con tu propio grupo, nuestro equipo de profesionales le ayudar\u00e1 a concebir el programa de sus sue\u00f1os.<\/p>\n","protected":false},"author":3,"featured_media":0,"parent":0,"menu_order":0,"comment_status":"closed","ping_status":"open","template":"","meta":{"footnotes":""},"class_list":["post-158","page","type-page","status-publish","hentry"],"aioseo_notices":[],"_links":{"self":[{"href":"https:\/\/www.auroramaristravel.com\/es\/wp-json\/wp\/v2\/pages\/158","targetHints":{"allow":["GET"]}}],"collection":[{"href":"https:\/\/www.auroramaristravel.com\/es\/wp-json\/wp\/v2\/pages"}],"about":[{"href":"https:\/\/www.auroramaristravel.com\/es\/wp-json\/wp\/v2\/types\/page"}],"author":[{"embeddable":true,"href":"https:\/\/www.auroramaristravel.com\/es\/wp-json\/wp\/v2\/users\/3"}],"replies":[{"embeddable":true,"href":"https:\/\/www.auroramaristravel.com\/es\/wp-json\/wp\/v2\/comments?post=158"}],"version-history":[{"count":0,"href":"https:\/\/www.auroramaristravel.com\/es\/wp-json\/wp\/v2\/pages\/158\/revisions"}],"wp:attachment":[{"href":"https:\/\/www.auroramaristravel.com\/es\/wp-json\/wp\/v2\/media?parent=158"}],"curies":[{"name":"wp","href":"https:\/\/api.w.org\/{rel}","templated":true}]}}